{"id":8795,"date":"2014-07-23T22:35:10","date_gmt":"2014-07-23T20:35:10","guid":{"rendered":"http:\/\/www.mx-bretagne.com\/mxb\/?page_id=8795"},"modified":"2017-11-28T22:37:17","modified_gmt":"2017-11-28T21:37:17","slug":"cat-racing","status":"publish","type":"page","link":"https:\/\/mx-bretagne.com\/mxb\/cat-racing","title":{"rendered":"CAT RACING"},"content":{"rendered":"<p><a href=\"http:\/\/www.mx-bretagne.com\/mxb\/cat-racing\" rel=\"attachment wp-att-8796\"><img decoding=\"async\" loading=\"lazy\" class=\"aligncenter wp-image-8796 size-full\" src=\"http:\/\/www.mx-bretagne.com\/mxb\/wp-content\/uploads\/2014\/07\/catracing.jpg\" alt=\"catracing\" width=\"900\" height=\"178\" srcset=\"https:\/\/mx-bretagne.com\/mxb\/wp-content\/uploads\/2014\/07\/catracing.jpg 900w, https:\/\/mx-bretagne.com\/mxb\/wp-content\/uploads\/2014\/07\/catracing-650x128.jpg 650w\" sizes=\"(max-width: 900px) 100vw, 900px\" \/><\/a><\/p>\n<h3><strong>CAT Racing<\/strong><\/h3>\n<h3 style=\"text-align: justify;\"><span style=\"font-size: large;\"><strong>Atelier sp\u00e9cialis\u00e9 Motocross, Supercross, Enduro.<\/strong><\/span><span style=\"font-size: large;\"><strong>Pr\u00e9parations, r\u00e9fections et entretien de suspensions SHOWA, KAYABA et White Power<\/strong><\/span><\/h3>\n<p>Ouvert du mardi au samedi<\/p>\n<p><span style=\"font-size: large;\">29 rue du Manoir de S\u00e9vign\u00e9 (Route de Lorient &#8211; derri\u00e8re Moto Shop 35)<\/span><br \/>\n<span style=\"font-size: large;\">35000 RENNES<\/span><\/p>\n<p style=\"text-align: center;\"><span style=\"font-size: x-large;\"><strong>T\u00e9l: 02.99.59.38.44<\/strong><\/span><\/p>\n<p style=\"text-align: justify;\">Ex m\u00e9canicien officiel de Yann Gu\u00e9dard au d\u00e9but des ann\u00e9es 90, puis de Philippe Dupasquier en Championnat du Monde 125cc en 2002 lorsqu&rsquo;il \u00e9tait \u00e0 la lutte pour le titre face au fran\u00e7ais Micka\u00ebl Maschio et plus r\u00e9cemment de Pierre-Alexandre Renet chez Honda NGS en Europe MX2 et Mondial MX3, F\u00e9lix Benoist est le sp\u00e9cialiste de la pr\u00e9paration de suspensions pour les pilotes professionnels et amateurs en Motocross, Supercross et Enduro.<\/p>\n<p style=\"text-align: justify;\">Fort d&rsquo;une exp\u00e9rience aupr\u00e8s de quelques uns des meilleurs pilotes dans des \u00e9quipes officielles, ce \u00ab\u00a0sorcier\u00a0\u00bb du ressort vous apportera les am\u00e9liorations indispensables pour am\u00e9liorer le confort de votre moto, augmenter votre s\u00e9curit\u00e9, avoir plus de confiance dans votre pilotage, moins subir la fatigue et forc\u00e9ment prendre encore plus de plaisir tout en gagnant quelques secondes au tour !<\/p>\n<blockquote>\n<p style=\"text-align: center;\"><span style=\"font-size: large;\"><strong>Sans ma\u00eetrise, la puissance n&rsquo;est rien disait Mr Pirelli, un slogan qui collerait parfaitement aux suspensions&#8230;<\/strong><\/span><\/p>\n<\/blockquote>\n<h2>Ils lui font confiance<\/h2>\n\n\t\t<style type=\"text\/css\">\n\t\t\t#gallery-1 {\n\t\t\t\tmargin: auto;\n\t\t\t}\n\t\t\t#gallery-1 .gallery-item {\n\t\t\t\tfloat: left;\n\t\t\t\tmargin-top: 10px;\n\t\t\t\ttext-align: center;\n\t\t\t\twidth: 33%;\n\t\t\t}\n\t\t\t#gallery-1 img {\n\t\t\t\tborder: 2px solid #cfcfcf;\n\t\t\t}\n\t\t\t#gallery-1 .gallery-caption {\n\t\t\t\tmargin-left: 0;\n\t\t\t}\n\t\t\t\/* see gallery_shortcode() in wp-includes\/media.php *\/\n\t\t<\/style>\n\t\t<div id='gallery-1' class='gallery galleryid-8795 gallery-columns-3 gallery-size-thumbnail'><dl class='gallery-item'>\n\t\t\t<dt class='gallery-icon landscape'>\n\t\t\t\t<a href='https:\/\/mx-bretagne.com\/mxb\/cat-racing\/maxime'><img width=\"300\" height=\"150\" src=\"https:\/\/mx-bretagne.com\/mxb\/wp-content\/uploads\/2014\/07\/maxime-300x150.jpg\" class=\"attachment-thumbnail size-thumbnail\" alt=\"\" decoding=\"async\" loading=\"lazy\" aria-describedby=\"gallery-1-12894\" \/><\/a>\n\t\t\t<\/dt>\n\t\t\t\t<dd class='wp-caption-text gallery-caption' id='gallery-1-12894'>\n\t\t\t\tMaxime Jeanne\n\t\t\t\t<\/dd><\/dl><dl class='gallery-item'>\n\t\t\t<dt class='gallery-icon landscape'>\n\t\t\t\t<a href='https:\/\/mx-bretagne.com\/mxb\/cat-racing\/nico'><img width=\"300\" height=\"150\" src=\"https:\/\/mx-bretagne.com\/mxb\/wp-content\/uploads\/2014\/07\/nico-300x150.jpg\" class=\"attachment-thumbnail size-thumbnail\" alt=\"\" decoding=\"async\" loading=\"lazy\" aria-describedby=\"gallery-1-12895\" \/><\/a>\n\t\t\t<\/dt>\n\t\t\t\t<dd class='wp-caption-text gallery-caption' id='gallery-1-12895'>\n\t\t\t\tNicolas AUBIN\n\t\t\t\t<\/dd><\/dl><dl class='gallery-item'>\n\t\t\t<dt class='gallery-icon landscape'>\n\t\t\t\t<a href='https:\/\/mx-bretagne.com\/mxb\/cat-racing\/arnaud'><img width=\"300\" height=\"150\" src=\"https:\/\/mx-bretagne.com\/mxb\/wp-content\/uploads\/2014\/07\/arnaud-300x150.jpg\" class=\"attachment-thumbnail size-thumbnail\" alt=\"\" decoding=\"async\" loading=\"lazy\" aria-describedby=\"gallery-1-12896\" \/><\/a>\n\t\t\t<\/dt>\n\t\t\t\t<dd class='wp-caption-text gallery-caption' id='gallery-1-12896'>\n\t\t\t\tArnaud AUBIN\n\t\t\t\t<\/dd><\/dl><br style=\"clear: both\" \/><dl class='gallery-item'>\n\t\t\t<dt class='gallery-icon landscape'>\n\t\t\t\t<a href='https:\/\/mx-bretagne.com\/mxb\/cat-racing\/cat_charles'><img width=\"180\" height=\"149\" src=\"https:\/\/mx-bretagne.com\/mxb\/wp-content\/uploads\/2014\/07\/cat_charles-180x149.jpg\" class=\"attachment-thumbnail size-thumbnail\" alt=\"\" decoding=\"async\" loading=\"lazy\" aria-describedby=\"gallery-1-8814\" \/><\/a>\n\t\t\t<\/dt>\n\t\t\t\t<dd class='wp-caption-text gallery-caption' id='gallery-1-8814'>\n\t\t\t\tCharles LEFRANCOIS\n\t\t\t\t<\/dd><\/dl><dl class='gallery-item'>\n\t\t\t<dt class='gallery-icon landscape'>\n\t\t\t\t<a href='https:\/\/mx-bretagne.com\/mxb\/cat-racing\/cat_alex'><img width=\"180\" height=\"149\" src=\"https:\/\/mx-bretagne.com\/mxb\/wp-content\/uploads\/2014\/07\/cat_alex-180x149.jpg\" class=\"attachment-thumbnail size-thumbnail\" alt=\"\" decoding=\"async\" loading=\"lazy\" aria-describedby=\"gallery-1-8813\" \/><\/a>\n\t\t\t<\/dt>\n\t\t\t\t<dd class='wp-caption-text gallery-caption' id='gallery-1-8813'>\n\t\t\t\tAlexandre LEFRANCOIS\n\t\t\t\t<\/dd><\/dl><dl class='gallery-item'>\n\t\t\t<dt class='gallery-icon landscape'>\n\t\t\t\t<a href='https:\/\/mx-bretagne.com\/mxb\/cat-racing\/cat_remy'><img width=\"180\" height=\"149\" src=\"https:\/\/mx-bretagne.com\/mxb\/wp-content\/uploads\/2014\/07\/cat_remy-180x149.jpg\" class=\"attachment-thumbnail size-thumbnail\" alt=\"\" decoding=\"async\" loading=\"lazy\" aria-describedby=\"gallery-1-8812\" \/><\/a>\n\t\t\t<\/dt>\n\t\t\t\t<dd class='wp-caption-text gallery-caption' id='gallery-1-8812'>\n\t\t\t\tRemy MORDRET\n\t\t\t\t<\/dd><\/dl><br style=\"clear: both\" \/><dl class='gallery-item'>\n\t\t\t<dt class='gallery-icon landscape'>\n\t\t\t\t<a href='https:\/\/mx-bretagne.com\/mxb\/cat-racing\/cat_pessel'><img width=\"180\" height=\"149\" src=\"https:\/\/mx-bretagne.com\/mxb\/wp-content\/uploads\/2014\/07\/cat_pessel-180x149.jpg\" class=\"attachment-thumbnail size-thumbnail\" alt=\"\" decoding=\"async\" loading=\"lazy\" aria-describedby=\"gallery-1-8811\" \/><\/a>\n\t\t\t<\/dt>\n\t\t\t\t<dd class='wp-caption-text gallery-caption' id='gallery-1-8811'>\n\t\t\t\tAlan PESSEL\n\t\t\t\t<\/dd><\/dl><dl class='gallery-item'>\n\t\t\t<dt class='gallery-icon landscape'>\n\t\t\t\t<a href='https:\/\/mx-bretagne.com\/mxb\/cat-racing\/cat_valentin'><img width=\"180\" height=\"149\" src=\"https:\/\/mx-bretagne.com\/mxb\/wp-content\/uploads\/2014\/07\/cat_valentin-180x149.jpg\" class=\"attachment-thumbnail size-thumbnail\" alt=\"\" decoding=\"async\" loading=\"lazy\" aria-describedby=\"gallery-1-8810\" \/><\/a>\n\t\t\t<\/dt>\n\t\t\t\t<dd class='wp-caption-text gallery-caption' id='gallery-1-8810'>\n\t\t\t\tValentin THACE\n\t\t\t\t<\/dd><\/dl><dl class='gallery-item'>\n\t\t\t<dt class='gallery-icon landscape'>\n\t\t\t\t<a href='https:\/\/mx-bretagne.com\/mxb\/cat-racing\/cat_tanguy'><img width=\"180\" height=\"149\" src=\"https:\/\/mx-bretagne.com\/mxb\/wp-content\/uploads\/2014\/07\/cat_tanguy-180x149.jpg\" class=\"attachment-thumbnail size-thumbnail\" alt=\"\" decoding=\"async\" loading=\"lazy\" aria-describedby=\"gallery-1-8809\" \/><\/a>\n\t\t\t<\/dt>\n\t\t\t\t<dd class='wp-caption-text gallery-caption' id='gallery-1-8809'>\n\t\t\t\tTanguy EGLER\n\t\t\t\t<\/dd><\/dl><br style=\"clear: both\" \/><dl class='gallery-item'>\n\t\t\t<dt class='gallery-icon landscape'>\n\t\t\t\t<a href='https:\/\/mx-bretagne.com\/mxb\/cat-racing\/cat_plaque'><img width=\"180\" height=\"149\" src=\"https:\/\/mx-bretagne.com\/mxb\/wp-content\/uploads\/2014\/07\/cat_plaque-180x149.jpg\" class=\"attachment-thumbnail size-thumbnail\" alt=\"\" decoding=\"async\" loading=\"lazy\" \/><\/a>\n\t\t\t<\/dt><\/dl><dl class='gallery-item'>\n\t\t\t<dt class='gallery-icon portrait'>\n\t\t\t\t<a href='https:\/\/mx-bretagne.com\/mxb\/cat-racing\/cat_presse'><img width=\"180\" height=\"149\" src=\"https:\/\/mx-bretagne.com\/mxb\/wp-content\/uploads\/2014\/07\/cat_presse-180x149.jpg\" class=\"attachment-thumbnail size-thumbnail\" alt=\"\" decoding=\"async\" loading=\"lazy\" \/><\/a>\n\t\t\t<\/dt><\/dl><dl class='gallery-item'>\n\t\t\t<dt class='gallery-icon landscape'>\n\t\t\t\t<a href='https:\/\/mx-bretagne.com\/mxb\/cat-racing\/cat_jason'><img width=\"180\" height=\"149\" src=\"https:\/\/mx-bretagne.com\/mxb\/wp-content\/uploads\/2014\/07\/cat_jason-180x149.jpg\" class=\"attachment-thumbnail size-thumbnail\" alt=\"\" decoding=\"async\" loading=\"lazy\" aria-describedby=\"gallery-1-8805\" \/><\/a>\n\t\t\t<\/dt>\n\t\t\t\t<dd class='wp-caption-text gallery-caption' id='gallery-1-8805'>\n\t\t\t\tJason CLERMONT\n\t\t\t\t<\/dd><\/dl><br style=\"clear: both\" \/><dl class='gallery-item'>\n\t\t\t<dt class='gallery-icon landscape'>\n\t\t\t\t<a href='https:\/\/mx-bretagne.com\/mxb\/cat-racing\/cat1'><img width=\"180\" height=\"149\" src=\"https:\/\/mx-bretagne.com\/mxb\/wp-content\/uploads\/2014\/07\/cat1-180x149.jpg\" class=\"attachment-thumbnail size-thumbnail\" alt=\"\" decoding=\"async\" loading=\"lazy\" \/><\/a>\n\t\t\t<\/dt><\/dl>\n\t\t\t<br style='clear: both' \/>\n\t\t<\/div>\n\n<div id=\"attachment_9272\" style=\"width: 560px\" class=\"wp-caption aligncenter\"><a href=\"http:\/\/www.mx-bretagne.com\/mxb\/cat-racing\"><img aria-describedby=\"caption-attachment-9272\" decoding=\"async\" loading=\"lazy\" class=\"size-full wp-image-9272\" src=\"http:\/\/www.mx-bretagne.com\/mxb\/wp-content\/uploads\/2014\/07\/catracing_bann.jpg\" alt=\"Cat Racing\" width=\"550\" height=\"109\" \/><\/a><p id=\"caption-attachment-9272\" class=\"wp-caption-text\">Retrouvez les articles qui buzz\u2019 avec notre partenaire CAT Racing. Pr\u00e9parations, r\u00e9fections et entretien des suspensions.<\/p><\/div>\n","protected":false},"excerpt":{"rendered":"<p><\/p>\n","protected":false},"author":1,"featured_media":9272,"parent":0,"menu_order":0,"comment_status":"closed","ping_status":"closed","template":"","meta":[],"aioseo_notices":[],"_links":{"self":[{"href":"https:\/\/mx-bretagne.com\/mxb\/wp-json\/wp\/v2\/pages\/8795"}],"collection":[{"href":"https:\/\/mx-bretagne.com\/mxb\/wp-json\/wp\/v2\/pages"}],"about":[{"href":"https:\/\/mx-bretagne.com\/mxb\/wp-json\/wp\/v2\/types\/page"}],"author":[{"embeddable":true,"href":"https:\/\/mx-bretagne.com\/mxb\/wp-json\/wp\/v2\/users\/1"}],"replies":[{"embeddable":true,"href":"https:\/\/mx-bretagne.com\/mxb\/wp-json\/wp\/v2\/comments?post=8795"}],"version-history":[{"count":20,"href":"https:\/\/mx-bretagne.com\/mxb\/wp-json\/wp\/v2\/pages\/8795\/revisions"}],"predecessor-version":[{"id":16687,"href":"https:\/\/mx-bretagne.com\/mxb\/wp-json\/wp\/v2\/pages\/8795\/revisions\/16687"}],"wp:featuredmedia":[{"embeddable":true,"href":"https:\/\/mx-bretagne.com\/mxb\/wp-json\/wp\/v2\/media\/9272"}],"wp:attachment":[{"href":"https:\/\/mx-bretagne.com\/mxb\/wp-json\/wp\/v2\/media?parent=8795"}],"curies":[{"name":"wp","href":"https:\/\/api.w.org\/{rel}","templated":true}]}}