{"id":815,"date":"2011-12-27T22:12:59","date_gmt":"2011-12-27T22:12:59","guid":{"rendered":"http:\/\/www.mx-bretagne.com\/mxb\/?page_id=815"},"modified":"2011-12-27T22:12:59","modified_gmt":"2011-12-27T22:12:59","slug":"mentions-legales","status":"publish","type":"page","link":"https:\/\/mx-bretagne.com\/mxb\/contact\/mentions-legales","title":{"rendered":"Mentions l\u00e9gales"},"content":{"rendered":"<p style=\"text-align: justify;\">Licence d&rsquo;acc\u00e8s et d&rsquo;utilisation<\/p>\n<p style=\"text-align: justify;\"><strong>Respect des droits d&rsquo;auteur<\/strong><\/p>\n<p style=\"text-align: justify;\">Ce site est destin\u00e9 \u00e0 votre information. Vous disposez d&rsquo;un droit d&rsquo;utilisation, \u00e0 des fins exclusivement personnelles et non commerciales, des informations qui y sont contenues. Vous n&rsquo;\u00eates donc pas autoris\u00e9s \u00e0 modifier, distribuer, transmettre, diffuser, repr\u00e9senter, reproduire, publier, transf\u00e9rer ou vendre tout ou partie de ce site, tout document t\u00e9l\u00e9charg\u00e9 \u00e0 partir de ce site ou toutes listes de liens obtenues \u00e0 partir de ce site, ni \u00e0 cr\u00e9er des oeuvres d\u00e9riv\u00e9es de ces documents ou listes de liens, sauf accord particulier et pr\u00e9alable conclu avec l&rsquo;\u00e9diteur et\/ou l&rsquo;auteur.<\/p>\n<p style=\"text-align: justify;\">\n<p style=\"text-align: justify;\">Tout lien avec le pr\u00e9sent site doit faire l&rsquo;objet d&rsquo;un accord pr\u00e9alable du webmaster.<\/p>\n<p style=\"text-align: justify;\">\n<p style=\"text-align: justify;\"><strong>Protection de la vie priv\u00e9e et confidentialit\u00e9<\/strong><\/p>\n<p style=\"text-align: justify;\">\n<p style=\"text-align: justify;\">Les cas de collecte d&rsquo;informations nominatives sont limit\u00e9es \u00e0 celle vous permettant de nous transmettre une question ou une demande. Nous consid\u00e9rons que vos coordonn\u00e9es et adresses de courrier \u00e9lectronique constituent des donn\u00e9es confidentielles, et nous nous engageons \u00e0 ne pas les divulguer. Vous disposez d&rsquo;un droit d&rsquo;acc\u00e8s, de modification, de rectification et de suppression des donn\u00e9es vous concernant. Vous pouvez exercer ce droit en \u00e9crivant par mail \u00e0 james@mx-bretagne.com<\/p>\n<p style=\"text-align: justify;\">\n<p style=\"text-align: justify;\"><strong>R\u00e9serve juridique<\/strong><\/p>\n<p style=\"text-align: justify;\">\n<p style=\"text-align: justify;\">L&rsquo;information contenue dans ce site :<\/p>\n<p style=\"text-align: justify;\">&#8211; Est destin\u00e9e \u00e0 vous apporter des indications g\u00e9n\u00e9rales sur les sujets trait\u00e9s<\/p>\n<p style=\"text-align: justify;\">&#8211; Ne constitue pas un conseil personnalis\u00e9, de quelque nature qu&rsquo;il soit (organisationnel, marketing, juridique, fiscal, etc.), lequel conseil personnalis\u00e9 suppose l&rsquo;\u00e9tude et l&rsquo;analyse de cas particuliers par un professionnel de la sp\u00e9cialit\u00e9<\/p>\n<p style=\"text-align: justify;\">&#8211; Ne doit pas \u00eatre utilis\u00e9e sans les conseils pr\u00e9alables des experts concern\u00e9s. Nous ne pouvons en aucun cas \u00eatre tenus responsables de l&rsquo;utilisation et de l&rsquo;interpr\u00e9tation de l&rsquo;information contenue dans ce site.<\/p>\n<p style=\"text-align: justify;\">\n<p style=\"text-align: justify;\"><strong>Absence de garantie<\/strong><\/p>\n<p style=\"text-align: justify;\">\n<p style=\"text-align: justify;\">Nous ne garantissons pas que ce site soit exempt de d\u00e9faut, d&rsquo;erreur ou d&rsquo;omission et qu&rsquo;il corresponde exactement \u00e0 l&rsquo;usage auquel l&rsquo;utilisateur le destine. Nous ne pouvons en aucun cas \u00eatre tenus responsables des \u00e9ventuels d\u00e9fauts, erreurs ou omissions existant dans ce site, et des \u00e9ventuelles pertes financi\u00e8res ou autres dommages pouvant en r\u00e9sulter.<\/p>\n<p style=\"text-align: justify;\">\n<p style=\"text-align: justify;\"><strong>Liens hypertextes<\/strong><\/p>\n<p style=\"text-align: justify;\">\n<p style=\"text-align: justify;\">Nous sommes totalement libres de r\u00e9f\u00e9rencer, de ne pas r\u00e9f\u00e9rencer et de supprimer \u00e0 tout moment le r\u00e9f\u00e9rencement de tel ou tel site. Nous ne contr\u00f4lons pas les sites que nous r\u00e9f\u00e9ren\u00e7ons, dont la responsabilit\u00e9 rel\u00e8ve uniquement de leurs \u00e9diteurs. Nous ne garantissons absolument pas le contenu de ces sites, et notamment le caract\u00e8re v\u00e9ridique des informations qu&rsquo;ils comportent. En outre, nous ne contr\u00f4lons pas la pr\u00e9sence \u00e9ventuelle de virus informatiques dans les sites r\u00e9f\u00e9renc\u00e9s ; par cons\u00e9quent, nous ne pouvons donc en aucun cas garantir que ces sites en soient exempts. Il appartient \u00e0 chaque internaute d&rsquo;exercer son libre arbitre en d\u00e9cidant d&rsquo;acc\u00e9der \u00e0 tel ou tel site. Les risques li\u00e9s \u00e0 l&rsquo;utilisation de ces sites incombent donc pleinement \u00e0 l&rsquo;utilisateur. Le r\u00e9seau Internet \u00e9tant constamment en \u00e9volution, il est possible qu&rsquo;un site que nous avons r\u00e9f\u00e9renc\u00e9 ait \u00e9t\u00e9 modifi\u00e9 dans son contenu, qu&rsquo;il ait chang\u00e9 d&rsquo;adresse ou m\u00eame disparu. Nous nous assurons r\u00e9guli\u00e8rement que les liens sont toujours actifs, mais nous n&rsquo;effectuons aucun autre contr\u00f4le. Tout site souhaitant interdire ou limiter son r\u00e9f\u00e9rencement hypertexte peut nous demander de supprimer tout ou partie des liens que nous avons cr\u00e9\u00e9s vers lui en \u00e9crivant par mail \u00e0 james@mx-bretagne.com<\/p>\n<p style=\"text-align: justify;\">\n<p style=\"text-align: justify;\">Merci \u00e0 la\u00a0<a href=\"http:\/\/www.porhoet.fr\/\" target=\"_blank\">cyber base du Porho\u00ebt\u00a0<\/a>, dont les mentions l\u00e9gales nous ont servi de mod\u00e8le.<\/p>\n<p style=\"text-align: justify;\">\n","protected":false},"excerpt":{"rendered":"<p>Licence d&rsquo;acc\u00e8s et d&rsquo;utilisation<\/p>\n","protected":false},"author":1,"featured_media":0,"parent":59,"menu_order":0,"comment_status":"open","ping_status":"open","template":"tpl-nosidebar.php","meta":[],"aioseo_notices":[],"_links":{"self":[{"href":"https:\/\/mx-bretagne.com\/mxb\/wp-json\/wp\/v2\/pages\/815"}],"collection":[{"href":"https:\/\/mx-bretagne.com\/mxb\/wp-json\/wp\/v2\/pages"}],"about":[{"href":"https:\/\/mx-bretagne.com\/mxb\/wp-json\/wp\/v2\/types\/page"}],"author":[{"embeddable":true,"href":"https:\/\/mx-bretagne.com\/mxb\/wp-json\/wp\/v2\/users\/1"}],"replies":[{"embeddable":true,"href":"https:\/\/mx-bretagne.com\/mxb\/wp-json\/wp\/v2\/comments?post=815"}],"version-history":[{"count":5,"href":"https:\/\/mx-bretagne.com\/mxb\/wp-json\/wp\/v2\/pages\/815\/revisions"}],"predecessor-version":[{"id":820,"href":"https:\/\/mx-bretagne.com\/mxb\/wp-json\/wp\/v2\/pages\/815\/revisions\/820"}],"up":[{"embeddable":true,"href":"https:\/\/mx-bretagne.com\/mxb\/wp-json\/wp\/v2\/pages\/59"}],"wp:attachment":[{"href":"https:\/\/mx-bretagne.com\/mxb\/wp-json\/wp\/v2\/media?parent=815"}],"curies":[{"name":"wp","href":"https:\/\/api.w.org\/{rel}","templated":true}]}}